{"id":15823,"date":"2025-04-08T10:23:55","date_gmt":"2025-04-08T08:23:55","guid":{"rendered":"https:\/\/parismidnightblues.com\/?page_id=15823"},"modified":"2026-03-20T01:25:05","modified_gmt":"2026-03-20T00:25:05","slug":"initiation-danse-blues","status":"publish","type":"page","link":"https:\/\/parismidnightblues.com\/index.php\/initiation-danse-blues\/","title":{"rendered":"INITIATION AU BLUES"},"content":{"rendered":"<p>[vc_row css_animation=\u00a0\u00bb\u00a0\u00bb row_type=\u00a0\u00bbrow\u00a0\u00bb use_row_as_full_screen_section=\u00a0\u00bbno\u00a0\u00bb type=\u00a0\u00bbfull_width\u00a0\u00bb angled_section=\u00a0\u00bbno\u00a0\u00bb text_align=\u00a0\u00bbleft\u00a0\u00bb background_image_as_pattern=\u00a0\u00bbwithout_pattern\u00a0\u00bb][vc_column width=\u00a0\u00bb1\/6&Prime;][\/vc_column][vc_column width=\u00a0\u00bb2\/3&Prime;][vc_empty_space height=\u00a0\u00bb40px\u00a0\u00bb][vc_column_text]<\/p>\n<div class=\"xdj266r x11i5rnm xat24cr x1mh8g0r x1vvkbs\"><span class=\"html-span xexx8yu x4uap5 x18d9i69 xkhd6sd x1hl2dhg x16tdsg8 x1vvkbs x3nfvp2 x1j61x8r x1fcty0u xdj266r xat24cr xgzva0m xhhsvwb xxymvpz xlup9mm x1kky2od\"><img decoding=\"async\" class=\"xz74otr x168nmei x13lgxp2 x5pf9jr xo71vjh\" src=\"https:\/\/static.xx.fbcdn.net\/images\/emoji.php\/v9\/t75\/2\/16\/2728.png\" alt=\"\u2728\" width=\"16\" height=\"16\" \/><\/span>\u00a0D\u00e9couvrez la magie de la danse Blues avec le Pass D\u00e9couverte du Paris Midnight Blues Festival !\u00a0<span class=\"html-span xexx8yu x4uap5 x18d9i69 xkhd6sd x1hl2dhg x16tdsg8 x1vvkbs x3nfvp2 x1j61x8r x1fcty0u xdj266r xat24cr xgzva0m xhhsvwb xxymvpz xlup9mm x1kky2od\"><img decoding=\"async\" class=\"xz74otr x168nmei x13lgxp2 x5pf9jr xo71vjh\" src=\"https:\/\/static.xx.fbcdn.net\/images\/emoji.php\/v9\/t75\/2\/16\/2728.png\" alt=\"\u2728\" width=\"16\" height=\"16\" \/><\/span><\/div>\n<div class=\"x11i5rnm xat24cr x1mh8g0r x1vvkbs xtlvy1s\">Vous n\u2019avez jamais dans\u00e9 le blues, voir m\u00eame jamais dans\u00e9 du tout ? Vous dansez d\u00e9j\u00e0 d\u2019autres styles et \u00eates curieux d\u2019essayer ? Ce pass est fait pour vous !\u00a0<span class=\"html-span xexx8yu x4uap5 x18d9i69 xkhd6sd x1hl2dhg x16tdsg8 x1vvkbs x3nfvp2 x1j61x8r x1fcty0u xdj266r xat24cr xgzva0m xhhsvwb xxymvpz xlup9mm x1kky2od\"><img decoding=\"async\" class=\"xz74otr x168nmei x13lgxp2 x5pf9jr xo71vjh\" src=\"https:\/\/static.xx.fbcdn.net\/images\/emoji.php\/v9\/tb\/2\/16\/1f499.png\" alt=\"\ud83d\udc99\" width=\"16\" height=\"16\" \/><\/span><\/div>\n<div class=\"x11i5rnm xat24cr x1mh8g0r x1vvkbs xtlvy1s\"><span class=\"html-span xexx8yu x4uap5 x18d9i69 xkhd6sd x1hl2dhg x16tdsg8 x1vvkbs x3nfvp2 x1j61x8r x1fcty0u xdj266r xat24cr xgzva0m xhhsvwb xxymvpz xlup9mm x1kky2od\"><img decoding=\"async\" class=\"xz74otr x168nmei x13lgxp2 x5pf9jr xo71vjh\" src=\"https:\/\/static.xx.fbcdn.net\/images\/emoji.php\/v9\/t7f\/2\/16\/1f31f.png\" alt=\"\ud83c\udf1f\" width=\"16\" height=\"16\" \/><\/span> 4h de cours de Blues en couple avec les professeurs de l&rsquo;\u00e9cole Groov&rsquo;it, qui vous guideront pas \u00e0 pas.<\/div>\n<div class=\"x11i5rnm xat24cr x1mh8g0r x1vvkbs xtlvy1s\"><span class=\"html-span xexx8yu x4uap5 x18d9i69 xkhd6sd x1hl2dhg x16tdsg8 x1vvkbs x3nfvp2 x1j61x8r x1fcty0u xdj266r xat24cr xgzva0m xhhsvwb xxymvpz xlup9mm x1kky2od\"><img decoding=\"async\" class=\"xz74otr x168nmei x13lgxp2 x5pf9jr xo71vjh\" src=\"https:\/\/static.xx.fbcdn.net\/images\/emoji.php\/v9\/t7f\/2\/16\/1f31f.png\" alt=\"\ud83c\udf1f\" width=\"16\" height=\"16\" \/><\/span> 1h de cours dans une autre discipline pour enrichir votre danse et explorer de nouvelles sensations.<br class=\"html-br\" \/><span class=\"html-span xexx8yu x4uap5 x18d9i69 xkhd6sd x1hl2dhg x16tdsg8 x1vvkbs x3nfvp2 x1j61x8r x1fcty0u xdj266r xat24cr xgzva0m xhhsvwb xxymvpz xlup9mm x1kky2od\"><img decoding=\"async\" class=\"xz74otr x168nmei x13lgxp2 x5pf9jr xo71vjh\" src=\"https:\/\/static.xx.fbcdn.net\/images\/emoji.php\/v9\/t7f\/2\/16\/1f31f.png\" alt=\"\ud83c\udf1f\" width=\"16\" height=\"16\" \/><\/span> Envie de vivre l\u2019exp\u00e9rience compl\u00e8te ? Ajoutez le Pass Soir\u00e9es et plongez dans l\u2019ambiance enivrante de 3 soir\u00e9es blues, dont 2 sur un bateau, avec de la musique live pour vous faire vibrer au rythme du blues.<\/div>\n<div class=\"x11i5rnm xat24cr x1mh8g0r x1vvkbs xtlvy1s\"><span class=\"html-span xexx8yu x4uap5 x18d9i69 xkhd6sd x1hl2dhg x16tdsg8 x1vvkbs x3nfvp2 x1j61x8r x1fcty0u xdj266r xat24cr xgzva0m xhhsvwb xxymvpz xlup9mm x1kky2od\"><img loading=\"lazy\" decoding=\"async\" class=\"xz74otr x168nmei x13lgxp2 x5pf9jr xo71vjh\" src=\"https:\/\/static.xx.fbcdn.net\/images\/emoji.php\/v9\/t66\/2\/16\/1f483.png\" alt=\"\ud83d\udc83\" width=\"16\" height=\"16\" \/><\/span>\u00a0Aucune exp\u00e9rience requise, juste l\u2019envie de d\u00e9couvrir et de partager un moment convivial ! Rejoignez-nous et laissez-vous porter par la douceur et l\u2019\u00e9motion du blues.<\/div>\n<div class=\"x11i5rnm xat24cr x1mh8g0r x1vvkbs xtlvy1s\">Notre objectif ? Que, comme nous, vous tombiez amoureux\u00b7se de la danse blues et de sa communaut\u00e9.<\/div>\n<p>[\/vc_column_text][vc_empty_space height=\u00a0\u00bb30px\u00a0\u00bb][\/vc_column][vc_column width=\u00a0\u00bb1\/6&Prime;][\/vc_column][\/vc_row][vc_row css_animation=\u00a0\u00bb\u00a0\u00bb row_type=\u00a0\u00bbrow\u00a0\u00bb use_row_as_full_screen_section=\u00a0\u00bbno\u00a0\u00bb type=\u00a0\u00bbfull_width\u00a0\u00bb angled_section=\u00a0\u00bbno\u00a0\u00bb text_align=\u00a0\u00bbleft\u00a0\u00bb background_image_as_pattern=\u00a0\u00bbwithout_pattern\u00a0\u00bb][vc_column width=\u00a0\u00bb1\/5&Prime;][\/vc_column][vc_column width=\u00a0\u00bb1\/5&Prime;][\/vc_column][vc_column width=\u00a0\u00bb1\/5&Prime;]<a  itemprop=\"url\" href=\"https:\/\/viensonswing.fr\/event\/1557\/Paris+Midnight+Blues+2026\" target=\"_self\"  class=\"qbutton  medium center default\" style=\"\">JE M'INSCRIS !<\/a>[\/vc_column][vc_column width=\u00a0\u00bb1\/5&Prime;][\/vc_column][vc_column width=\u00a0\u00bb1\/5&Prime;][\/vc_column][\/vc_row][vc_row css_animation=\u00a0\u00bb\u00a0\u00bb row_type=\u00a0\u00bbrow\u00a0\u00bb use_row_as_full_screen_section=\u00a0\u00bbno\u00a0\u00bb type=\u00a0\u00bbfull_width\u00a0\u00bb angled_section=\u00a0\u00bbno\u00a0\u00bb text_align=\u00a0\u00bbleft\u00a0\u00bb background_image_as_pattern=\u00a0\u00bbwithout_pattern\u00a0\u00bb][vc_column width=\u00a0\u00bb1\/6&Prime;][\/vc_column][vc_column width=\u00a0\u00bb2\/3&Prime;][vc_empty_space height=\u00a0\u00bb40px\u00a0\u00bb][vc_column_text]LES PROFESSEURS :[\/vc_column_text][\/vc_column][vc_column width=\u00a0\u00bb1\/6&Prime;][\/vc_column][\/vc_row][vc_row css_animation=\u00a0\u00bb\u00a0\u00bb row_type=\u00a0\u00bbrow\u00a0\u00bb use_row_as_full_screen_section=\u00a0\u00bbno\u00a0\u00bb type=\u00a0\u00bbfull_width\u00a0\u00bb angled_section=\u00a0\u00bbno\u00a0\u00bb text_align=\u00a0\u00bbleft\u00a0\u00bb background_image_as_pattern=\u00a0\u00bbwithout_pattern\u00a0\u00bb][vc_column width=\u00a0\u00bb1\/3&Prime;][\/vc_column][vc_column width=\u00a0\u00bb1\/3&Prime;][vc_single_image image=\u00a0\u00bb15994&Prime; img_size=\u00a0\u00bbfull\u00a0\u00bb qode_css_animation=\u00a0\u00bb\u00a0\u00bb][\/vc_column][vc_column width=\u00a0\u00bb1\/3&Prime;][\/vc_column][\/vc_row][vc_row css_animation=\u00a0\u00bb\u00a0\u00bb row_type=\u00a0\u00bbrow\u00a0\u00bb use_row_as_full_screen_section=\u00a0\u00bbno\u00a0\u00bb type=\u00a0\u00bbfull_width\u00a0\u00bb angled_section=\u00a0\u00bbno\u00a0\u00bb text_align=\u00a0\u00bbleft\u00a0\u00bb background_image_as_pattern=\u00a0\u00bbwithout_pattern\u00a0\u00bb][vc_column width=\u00a0\u00bb1\/6&Prime;][\/vc_column][vc_column width=\u00a0\u00bb2\/3&Prime;][vc_empty_space height=\u00a0\u00bb40px\u00a0\u00bb][vc_single_image image=\u00a0\u00bb16007&Prime; img_size=\u00a0\u00bbfull\u00a0\u00bb qode_css_animation=\u00a0\u00bb\u00a0\u00bb][vc_empty_space height=\u00a0\u00bb40px\u00a0\u00bb][vc_column_text]C&rsquo;EST QUOI UN TASTER ?<\/p>\n<p>Un taster c&rsquo;est un atelier qui permet de d\u00e9couvrir une autre discipline plus ou moins \u00e9loign\u00e9e de la danse blues.<br \/>\n<strong>Cette ann\u00e9e vous pourrez participer \u00e0 1 taster au choix.\u00a0<\/strong><\/p>\n<p><i>Th\u00e9matiques \u00e0 venir<\/i>[\/vc_column_text][vc_empty_space height=\u00a0\u00bb30px\u00a0\u00bb][vc_column_text]Et L&rsquo;AMBIANCE DU FESTIVAL DANS TOUT \u00c7A ?<\/p>\n<p>Le Paris Midnight Blues c&rsquo;est LE festival international de danse blues de Paris. Il a lieu tous les ans depuis mai 2019 (en 2020 on a fait une version digitale pendant le confinement, pour se retrouver malgr\u00e9 tout) et accueille plusieurs centaines de danseur\u00b7euses du monde entier chaque ann\u00e9e. C&rsquo;est l&rsquo;occasion de plonger dans l&rsquo;ambiance de la musique et de la danse blues et de faire de jolies rencontres.<\/p>\n<p>Jetez un oeil sur la vid\u00e9o suivante pour plonger dans notre univers ![\/vc_column_text][vc_empty_space height=\u00a0\u00bb20px\u00a0\u00bb][vc_video link=\u00a0\u00bbhttps:\/\/youtu.be\/66IT5UfiDiY?si=UII7v-wmcdJaUhaO\u00a0\u00bb][vc_empty_space height=\u00a0\u00bb20px\u00a0\u00bb][vc_column_text]TARIFS :<br class=\"html-br\" \/>&#8211; Cours seuls (4h de blues + 1h en option) = 75\u20ac<br class=\"html-br\" \/>&#8211; Cours (4h de blues + 1h en option) + 3 Soir\u00e9es = 170\u20ac (au lieu de 220\u20ac pour les autres niveaux)[\/vc_column_text][\/vc_column][vc_column width=\u00a0\u00bb1\/6&Prime;][\/vc_column][\/vc_row][vc_row css_animation=\u00a0\u00bb\u00a0\u00bb row_type=\u00a0\u00bbrow\u00a0\u00bb use_row_as_full_screen_section=\u00a0\u00bbno\u00a0\u00bb type=\u00a0\u00bbfull_width\u00a0\u00bb angled_section=\u00a0\u00bbno\u00a0\u00bb text_align=\u00a0\u00bbleft\u00a0\u00bb background_image_as_pattern=\u00a0\u00bbwithout_pattern\u00a0\u00bb][vc_column width=\u00a0\u00bb1\/5&Prime;][\/vc_column][vc_column width=\u00a0\u00bb1\/5&Prime;][\/vc_column][vc_column width=\u00a0\u00bb1\/5&Prime;][vc_empty_space height=\u00a0\u00bb40px\u00a0\u00bb]<a  itemprop=\"url\" href=\"https:\/\/viensonswing.fr\/event\/1557\/Paris+Midnight+Blues+2026\" target=\"_self\"  class=\"qbutton  medium center default\" style=\"\">JE M'INSCRIS !<\/a>[\/vc_column][vc_column width=\u00a0\u00bb1\/5&Prime;][\/vc_column][vc_column width=\u00a0\u00bb1\/5&Prime;][\/vc_column][\/vc_row][vc_row css_animation=\u00a0\u00bb\u00a0\u00bb row_type=\u00a0\u00bbrow\u00a0\u00bb use_row_as_full_screen_section=\u00a0\u00bbno\u00a0\u00bb type=\u00a0\u00bbfull_width\u00a0\u00bb angled_section=\u00a0\u00bbno\u00a0\u00bb text_align=\u00a0\u00bbleft\u00a0\u00bb background_image_as_pattern=\u00a0\u00bbwithout_pattern\u00a0\u00bb][vc_column][vc_empty_space height=\u00a0\u00bb90px\u00a0\u00bb][\/vc_column][\/vc_row]<\/p>\n","protected":false},"excerpt":{"rendered":"<p>[vc_row css_animation=\u00a0\u00bb\u00a0\u00bb row_type=\u00a0\u00bbrow\u00a0\u00bb use_row_as_full_screen_section=\u00a0\u00bbno\u00a0\u00bb type=\u00a0\u00bbfull_width\u00a0\u00bb angled_section=\u00a0\u00bbno\u00a0\u00bb text_align=\u00a0\u00bbleft\u00a0\u00bb background_image_as_pattern=\u00a0\u00bbwithout_pattern\u00a0\u00bb][vc_column width=\u00a0\u00bb1\/6&Prime;][\/vc_column][vc_column width=\u00a0\u00bb2\/3&Prime;][vc_empty_space height=\u00a0\u00bb40px\u00a0\u00bb][vc_column_text] \u00a0D\u00e9couvrez la magie de la danse Blues avec le Pass D\u00e9couverte du Paris Midnight Blues Festival !\u00a0 Vous n\u2019avez jamais dans\u00e9 le blues, voir m\u00eame jamais dans\u00e9 du tout ? Vous dansez d\u00e9j\u00e0 d\u2019autres&#8230;<\/p>\n","protected":false},"author":1,"featured_media":0,"parent":0,"menu_order":0,"comment_status":"closed","ping_status":"closed","template":"","meta":{"footnotes":""},"class_list":["post-15823","page","type-page","status-publish","hentry"],"yoast_head":"<!-- This site is optimized with the Yoast SEO plugin v26.5 - https:\/\/yoast.com\/wordpress\/plugins\/seo\/ -->\n<title>INITIATION AU BLUES &#060; Paris Midnight Blues<\/title>\n<meta name=\"robots\" content=\"index, follow, max-snippet:-1, max-image-preview:large, max-video-preview:-1\" \/>\n<link rel=\"canonical\" href=\"https:\/\/parismidnightblues.com\/index.php\/initiation-danse-blues\/\" \/>\n<meta property=\"og:locale\" content=\"fr_FR\" \/>\n<meta property=\"og:type\" content=\"article\" \/>\n<meta property=\"og:title\" content=\"INITIATION AU BLUES &#060; Paris Midnight Blues\" \/>\n<meta property=\"og:description\" content=\"[vc_row css_animation=\u00a0\u00bb\u00a0\u00bb row_type=\u00a0\u00bbrow\u00a0\u00bb use_row_as_full_screen_section=\u00a0\u00bbno\u00a0\u00bb type=\u00a0\u00bbfull_width\u00a0\u00bb angled_section=\u00a0\u00bbno\u00a0\u00bb text_align=\u00a0\u00bbleft\u00a0\u00bb background_image_as_pattern=\u00a0\u00bbwithout_pattern\u00a0\u00bb][vc_column width=\u00a0\u00bb1\/6&Prime;][\/vc_column][vc_column width=\u00a0\u00bb2\/3&Prime;][vc_empty_space height=\u00a0\u00bb40px\u00a0\u00bb][vc_column_text] \u00a0D\u00e9couvrez la magie de la danse Blues avec le Pass D\u00e9couverte du Paris Midnight Blues Festival !\u00a0 Vous n\u2019avez jamais dans\u00e9 le blues, voir m\u00eame jamais dans\u00e9 du tout ? Vous dansez d\u00e9j\u00e0 d\u2019autres...\" \/>\n<meta property=\"og:url\" content=\"https:\/\/parismidnightblues.com\/index.php\/initiation-danse-blues\/\" \/>\n<meta property=\"og:site_name\" content=\"Paris Midnight Blues\" \/>\n<meta property=\"article:publisher\" content=\"https:\/\/www.facebook.com\/parismidnightblues\/\" \/>\n<meta property=\"article:modified_time\" content=\"2026-03-20T00:25:05+00:00\" \/>\n<meta property=\"og:image\" content=\"https:\/\/static.xx.fbcdn.net\/images\/emoji.php\/v9\/t75\/2\/16\/2728.png\" \/>\n<meta name=\"twitter:card\" content=\"summary_large_image\" \/>\n<meta name=\"twitter:label1\" content=\"Dur\u00e9e de lecture estim\u00e9e\" \/>\n\t<meta name=\"twitter:data1\" content=\"4 minutes\" \/>\n<script type=\"application\/ld+json\" class=\"yoast-schema-graph\">{\"@context\":\"https:\/\/schema.org\",\"@graph\":[{\"@type\":\"WebPage\",\"@id\":\"https:\/\/parismidnightblues.com\/index.php\/initiation-danse-blues\/\",\"url\":\"https:\/\/parismidnightblues.com\/index.php\/initiation-danse-blues\/\",\"name\":\"INITIATION AU BLUES &#060; Paris Midnight Blues\",\"isPartOf\":{\"@id\":\"https:\/\/parismidnightblues.com\/#website\"},\"primaryImageOfPage\":{\"@id\":\"https:\/\/parismidnightblues.com\/index.php\/initiation-danse-blues\/#primaryimage\"},\"image\":{\"@id\":\"https:\/\/parismidnightblues.com\/index.php\/initiation-danse-blues\/#primaryimage\"},\"thumbnailUrl\":\"https:\/\/static.xx.fbcdn.net\/images\/emoji.php\/v9\/t75\/2\/16\/2728.png\",\"datePublished\":\"2025-04-08T08:23:55+00:00\",\"dateModified\":\"2026-03-20T00:25:05+00:00\",\"breadcrumb\":{\"@id\":\"https:\/\/parismidnightblues.com\/index.php\/initiation-danse-blues\/#breadcrumb\"},\"inLanguage\":\"fr-FR\",\"potentialAction\":[{\"@type\":\"ReadAction\",\"target\":[\"https:\/\/parismidnightblues.com\/index.php\/initiation-danse-blues\/\"]}]},{\"@type\":\"ImageObject\",\"inLanguage\":\"fr-FR\",\"@id\":\"https:\/\/parismidnightblues.com\/index.php\/initiation-danse-blues\/#primaryimage\",\"url\":\"https:\/\/static.xx.fbcdn.net\/images\/emoji.php\/v9\/t75\/2\/16\/2728.png\",\"contentUrl\":\"https:\/\/static.xx.fbcdn.net\/images\/emoji.php\/v9\/t75\/2\/16\/2728.png\"},{\"@type\":\"BreadcrumbList\",\"@id\":\"https:\/\/parismidnightblues.com\/index.php\/initiation-danse-blues\/#breadcrumb\",\"itemListElement\":[{\"@type\":\"ListItem\",\"position\":1,\"name\":\"Accueil\",\"item\":\"https:\/\/parismidnightblues.com\/\"},{\"@type\":\"ListItem\",\"position\":2,\"name\":\"INITIATION AU BLUES\"}]},{\"@type\":\"WebSite\",\"@id\":\"https:\/\/parismidnightblues.com\/#website\",\"url\":\"https:\/\/parismidnightblues.com\/\",\"name\":\"Paris Midnight Blues\",\"description\":\"International Blues Dance Festival\",\"potentialAction\":[{\"@type\":\"SearchAction\",\"target\":{\"@type\":\"EntryPoint\",\"urlTemplate\":\"https:\/\/parismidnightblues.com\/?s={search_term_string}\"},\"query-input\":{\"@type\":\"PropertyValueSpecification\",\"valueRequired\":true,\"valueName\":\"search_term_string\"}}],\"inLanguage\":\"fr-FR\"}]}<\/script>\n<!-- \/ Yoast SEO plugin. -->","yoast_head_json":{"title":"INITIATION AU BLUES &#060; Paris Midnight Blues","robots":{"index":"index","follow":"follow","max-snippet":"max-snippet:-1","max-image-preview":"max-image-preview:large","max-video-preview":"max-video-preview:-1"},"canonical":"https:\/\/parismidnightblues.com\/index.php\/initiation-danse-blues\/","og_locale":"fr_FR","og_type":"article","og_title":"INITIATION AU BLUES &#060; Paris Midnight Blues","og_description":"[vc_row css_animation=\u00a0\u00bb\u00a0\u00bb row_type=\u00a0\u00bbrow\u00a0\u00bb use_row_as_full_screen_section=\u00a0\u00bbno\u00a0\u00bb type=\u00a0\u00bbfull_width\u00a0\u00bb angled_section=\u00a0\u00bbno\u00a0\u00bb text_align=\u00a0\u00bbleft\u00a0\u00bb background_image_as_pattern=\u00a0\u00bbwithout_pattern\u00a0\u00bb][vc_column width=\u00a0\u00bb1\/6&Prime;][\/vc_column][vc_column width=\u00a0\u00bb2\/3&Prime;][vc_empty_space height=\u00a0\u00bb40px\u00a0\u00bb][vc_column_text] \u00a0D\u00e9couvrez la magie de la danse Blues avec le Pass D\u00e9couverte du Paris Midnight Blues Festival !\u00a0 Vous n\u2019avez jamais dans\u00e9 le blues, voir m\u00eame jamais dans\u00e9 du tout ? Vous dansez d\u00e9j\u00e0 d\u2019autres...","og_url":"https:\/\/parismidnightblues.com\/index.php\/initiation-danse-blues\/","og_site_name":"Paris Midnight Blues","article_publisher":"https:\/\/www.facebook.com\/parismidnightblues\/","article_modified_time":"2026-03-20T00:25:05+00:00","og_image":[{"url":"https:\/\/static.xx.fbcdn.net\/images\/emoji.php\/v9\/t75\/2\/16\/2728.png","type":"","width":"","height":""}],"twitter_card":"summary_large_image","twitter_misc":{"Dur\u00e9e de lecture estim\u00e9e":"4 minutes"},"schema":{"@context":"https:\/\/schema.org","@graph":[{"@type":"WebPage","@id":"https:\/\/parismidnightblues.com\/index.php\/initiation-danse-blues\/","url":"https:\/\/parismidnightblues.com\/index.php\/initiation-danse-blues\/","name":"INITIATION AU BLUES &#060; Paris Midnight Blues","isPartOf":{"@id":"https:\/\/parismidnightblues.com\/#website"},"primaryImageOfPage":{"@id":"https:\/\/parismidnightblues.com\/index.php\/initiation-danse-blues\/#primaryimage"},"image":{"@id":"https:\/\/parismidnightblues.com\/index.php\/initiation-danse-blues\/#primaryimage"},"thumbnailUrl":"https:\/\/static.xx.fbcdn.net\/images\/emoji.php\/v9\/t75\/2\/16\/2728.png","datePublished":"2025-04-08T08:23:55+00:00","dateModified":"2026-03-20T00:25:05+00:00","breadcrumb":{"@id":"https:\/\/parismidnightblues.com\/index.php\/initiation-danse-blues\/#breadcrumb"},"inLanguage":"fr-FR","potentialAction":[{"@type":"ReadAction","target":["https:\/\/parismidnightblues.com\/index.php\/initiation-danse-blues\/"]}]},{"@type":"ImageObject","inLanguage":"fr-FR","@id":"https:\/\/parismidnightblues.com\/index.php\/initiation-danse-blues\/#primaryimage","url":"https:\/\/static.xx.fbcdn.net\/images\/emoji.php\/v9\/t75\/2\/16\/2728.png","contentUrl":"https:\/\/static.xx.fbcdn.net\/images\/emoji.php\/v9\/t75\/2\/16\/2728.png"},{"@type":"BreadcrumbList","@id":"https:\/\/parismidnightblues.com\/index.php\/initiation-danse-blues\/#breadcrumb","itemListElement":[{"@type":"ListItem","position":1,"name":"Accueil","item":"https:\/\/parismidnightblues.com\/"},{"@type":"ListItem","position":2,"name":"INITIATION AU BLUES"}]},{"@type":"WebSite","@id":"https:\/\/parismidnightblues.com\/#website","url":"https:\/\/parismidnightblues.com\/","name":"Paris Midnight Blues","description":"International Blues Dance Festival","potentialAction":[{"@type":"SearchAction","target":{"@type":"EntryPoint","urlTemplate":"https:\/\/parismidnightblues.com\/?s={search_term_string}"},"query-input":{"@type":"PropertyValueSpecification","valueRequired":true,"valueName":"search_term_string"}}],"inLanguage":"fr-FR"}]}},"_links":{"self":[{"href":"https:\/\/parismidnightblues.com\/index.php\/wp-json\/wp\/v2\/pages\/15823","targetHints":{"allow":["GET"]}}],"collection":[{"href":"https:\/\/parismidnightblues.com\/index.php\/wp-json\/wp\/v2\/pages"}],"about":[{"href":"https:\/\/parismidnightblues.com\/index.php\/wp-json\/wp\/v2\/types\/page"}],"author":[{"embeddable":true,"href":"https:\/\/parismidnightblues.com\/index.php\/wp-json\/wp\/v2\/users\/1"}],"replies":[{"embeddable":true,"href":"https:\/\/parismidnightblues.com\/index.php\/wp-json\/wp\/v2\/comments?post=15823"}],"version-history":[{"count":22,"href":"https:\/\/parismidnightblues.com\/index.php\/wp-json\/wp\/v2\/pages\/15823\/revisions"}],"predecessor-version":[{"id":16008,"href":"https:\/\/parismidnightblues.com\/index.php\/wp-json\/wp\/v2\/pages\/15823\/revisions\/16008"}],"wp:attachment":[{"href":"https:\/\/parismidnightblues.com\/index.php\/wp-json\/wp\/v2\/media?parent=15823"}],"curies":[{"name":"wp","href":"https:\/\/api.w.org\/{rel}","templated":true}]}}