{"id":15058,"date":"2018-11-10T23:38:11","date_gmt":"2018-11-10T22:38:11","guid":{"rendered":"http:\/\/parismidnightblues.com\/?page_id=15058"},"modified":"2025-12-12T20:23:44","modified_gmt":"2025-12-12T19:23:44","slug":"conditions","status":"publish","type":"page","link":"https:\/\/parismidnightblues.com\/index.php\/conditions\/","title":{"rendered":"Terms \/ Conditions"},"content":{"rendered":"<p>[vc_row css_animation=\u00a0\u00bb\u00a0\u00bb row_type=\u00a0\u00bbrow\u00a0\u00bb use_row_as_full_screen_section=\u00a0\u00bbno\u00a0\u00bb type=\u00a0\u00bbfull_width\u00a0\u00bb angled_section=\u00a0\u00bbno\u00a0\u00bb text_align=\u00a0\u00bbleft\u00a0\u00bb background_image_as_pattern=\u00a0\u00bbwithout_pattern\u00a0\u00bb][vc_column][vc_empty_space height=\u00a0\u00bb70px\u00a0\u00bb][\/vc_column][\/vc_row][vc_row css_animation=\u00a0\u00bb\u00a0\u00bb row_type=\u00a0\u00bbrow\u00a0\u00bb use_row_as_full_screen_section=\u00a0\u00bbno\u00a0\u00bb type=\u00a0\u00bbfull_width\u00a0\u00bb angled_section=\u00a0\u00bbno\u00a0\u00bb text_align=\u00a0\u00bbleft\u00a0\u00bb background_image_as_pattern=\u00a0\u00bbwithout_pattern\u00a0\u00bb][vc_column width=\u00a0\u00bb1\/2&Prime;][vc_column_text]<\/p>\n<h2 data-start=\"180\" data-end=\"246\"><em><strong data-start=\"182\" data-end=\"244\">Paris Midnight Blues Festival<\/strong><\/em><\/h2>\n<p data-start=\"247\" data-end=\"284\"><em><strong data-start=\"247\" data-end=\"284\">Organised by Association Groov\u2019it<\/strong><\/em><\/p>\n<p>&nbsp;<\/p>\n<h3 data-start=\"286\" data-end=\"319\"><em>1. Admission &amp; Code of Conduct<\/em><\/h3>\n<p data-start=\"320\" data-end=\"555\"><em>The Paris Midnight Blues Festival aims to provide a safe, welcoming and respectful environment.<\/em><br data-start=\"415\" data-end=\"418\" \/><em>All participants, volunteers, teachers, musicians and staff members must be able to enjoy the event without feeling threatened or unsafe.<\/em><\/p>\n<p data-start=\"557\" data-end=\"928\"><em>The organisers reserve the right to take any action they deem necessary in case of inappropriate, disrespectful, unsafe or harassing behaviour.<\/em><br data-start=\"700\" data-end=\"703\" \/><em>This may include \u2014 but is not limited to \u2014 issuing a warning, removing the participant from part or all of the event, or refusing admission to future editions.<\/em><br data-start=\"862\" data-end=\"865\" \/><em>No refund will be granted if exclusion occurs during the event.<\/em><\/p>\n<p data-start=\"930\" data-end=\"993\"><em>The organisers also reserve the right to refuse a registration.<\/em><\/p>\n<hr data-start=\"995\" data-end=\"998\" \/>\n<h3 data-start=\"1000\" data-end=\"1012\"><em>2. Levels<\/em><\/h3>\n<p data-start=\"1013\" data-end=\"1175\"><em>This year, <strong data-start=\"1024\" data-end=\"1040\">no auditions<\/strong> will be held.<\/em><br data-start=\"1054\" data-end=\"1057\" \/><em>Each participant selects their own level based on their dance abilities and the descriptions available on the website.<\/em><\/p>\n<p data-start=\"1177\" data-end=\"1396\"><em>However, the teaching team and the organisers reserve the right to move a participant to a different level if the chosen level clearly does not match their dancing skills. This decision is final and cannot be contested.<\/em><\/p>\n<hr data-start=\"1398\" data-end=\"1401\" \/>\n<h3 data-start=\"1403\" data-end=\"1421\"><em>3. Registration<\/em><\/h3>\n<p data-start=\"1422\" data-end=\"1570\"><em>Registration is completed through the <strong data-start=\"1460\" data-end=\"1478\">Viens On Swing<\/strong> platform, including payment via HelloAsso.<\/em><br data-start=\"1521\" data-end=\"1524\" \/><em>Payment can be made in one or two instalments.<\/em><\/p>\n<p data-start=\"1572\" data-end=\"1660\"><em>After submitting the registration form, each participant receives an email confirming:<\/em><\/p>\n<ul>\n<li data-start=\"1663\" data-end=\"1691\"><em>admission to the event, or<\/em><\/li>\n<li data-start=\"1694\" data-end=\"1764\"><em>placement on the waiting list (due to a full level or role imbalance).<\/em><\/li>\n<\/ul>\n<p data-start=\"1766\" data-end=\"1940\"><em>Payment must be completed within <strong data-start=\"1799\" data-end=\"1809\">7 days<\/strong> of receiving the confirmation email.<\/em><br data-start=\"1846\" data-end=\"1849\" \/><em>If payment is not received within this period, the registration is automatically cancelled.<\/em><\/p>\n<hr data-start=\"1942\" data-end=\"1945\" \/>\n<h3 data-start=\"1947\" data-end=\"1965\"><em>4. Waiting List<\/em><\/h3>\n<p data-start=\"1966\" data-end=\"2177\"><em>If a level is full or if there is a lead\/follow imbalance, the registration will be placed on a waiting list.<\/em><br data-start=\"2075\" data-end=\"2078\" \/><em>If a spot becomes available, people on the waiting list will be contacted in order of registration.<\/em><\/p>\n<hr data-start=\"2179\" data-end=\"2182\" \/>\n<h3 data-start=\"2184\" data-end=\"2213\"><em>5. Cancellations &amp; Refunds<\/em><\/h3>\n<p data-start=\"2214\" data-end=\"2320\"><em>Refunds are available <strong data-start=\"2236\" data-end=\"2287\">only upon presentation of a medical certificate<\/strong>, under the following conditions:<\/em><\/p>\n<ul>\n<li data-start=\"2324\" data-end=\"2378\"><em><strong data-start=\"2324\" data-end=\"2364\">More than 2 months before the event:<\/strong> 100% refund<\/em><\/li>\n<li data-start=\"2381\" data-end=\"2433\"><em><strong data-start=\"2381\" data-end=\"2420\">More than 1 month before the event:<\/strong> 50% refund<\/em><\/li>\n<li data-start=\"2436\" data-end=\"2488\"><em><strong data-start=\"2436\" data-end=\"2475\">More than 2 weeks before the event:<\/strong> 25% refund<\/em><\/li>\n<li data-start=\"2491\" data-end=\"2523\"><em><strong data-start=\"2491\" data-end=\"2513\">After this period:<\/strong> no refund<\/em><\/li>\n<\/ul>\n<p data-start=\"2525\" data-end=\"2593\"><em>Outside of these medical cases, the organisers do not issue refunds.<\/em><\/p>\n<hr data-start=\"2595\" data-end=\"2598\" \/>\n<h3 data-start=\"2600\" data-end=\"2619\"><em>6. Pass Transfer<\/em><\/h3>\n<p data-start=\"2620\" data-end=\"2700\"><em>Participants may transfer their pass <strong data-start=\"2657\" data-end=\"2668\">in full<\/strong> under the following conditions:<\/em><\/p>\n<ul>\n<li data-start=\"2704\" data-end=\"2800\"><em>the pass must be transferred to someone of the <strong data-start=\"2751\" data-end=\"2778\">same role (lead\/follow)<\/strong> and <strong data-start=\"2783\" data-end=\"2797\">same level<\/strong>;<\/em><\/li>\n<li data-start=\"2803\" data-end=\"2907\"><em>the organisers must be notified via email with the full name and email address of the new participant;<\/em><\/li>\n<li data-start=\"2910\" data-end=\"2983\"><em>participants must handle the financial aspect of the transfer themselves.<\/em><\/li>\n<\/ul>\n<p data-start=\"2985\" data-end=\"3051\"><em>The transfer is only valid after confirmation from the organisers.<\/em><\/p>\n<hr data-start=\"3053\" data-end=\"3056\" \/>\n<h3 data-start=\"3058\" data-end=\"3079\"><em>7. Photos &amp; Videos<\/em><\/h3>\n<p data-start=\"3080\" data-end=\"3268\"><em>By attending the festival, participants agree to be photographed and\/or filmed, and authorize Association Groov\u2019it to use these images for the promotion of the festival or the association.<\/em><\/p>\n<hr data-start=\"3270\" data-end=\"3273\" \/>\n<h3 data-start=\"3275\" data-end=\"3298\"><em>8. Programme Changes<\/em><\/h3>\n<p data-start=\"3299\" data-end=\"3344\"><em>The organisers reserve the right to modify:<\/em><\/p>\n<ul>\n<li data-start=\"3347\" data-end=\"3363\"><em>the programme,<\/em><\/li>\n<li data-start=\"3366\" data-end=\"3387\"><em>the class schedule,<\/em><\/li>\n<li data-start=\"3390\" data-end=\"3412\"><em>the teaching lineup,<\/em><\/li>\n<li data-start=\"3415\" data-end=\"3461\"><em>venues, time slots, or any logistical element.<\/em><\/li>\n<\/ul>\n<p data-start=\"3463\" data-end=\"3516\"><em>Any changes will be communicated as soon as possible.<\/em><\/p>\n<p>[\/vc_column_text][\/vc_column][vc_column width=\u00a0\u00bb1\/2&Prime;][vc_column_text]<\/p>\n<h2 data-start=\"460\" data-end=\"520\"><strong data-start=\"462\" data-end=\"518\">Paris Midnight Blues Festival<\/strong><\/h2>\n<p data-start=\"460\" data-end=\"520\"><strong data-start=\"521\" data-end=\"560\">Organis\u00e9 par l\u2019Association Groov\u2019it<\/strong><\/p>\n<p>&nbsp;<\/p>\n<h3 data-start=\"562\" data-end=\"592\">1. Admission &amp; Comportement<\/h3>\n<p data-start=\"593\" data-end=\"827\">Le Paris Midnight Blues Festival souhaite offrir un environnement s\u00fbr, bienveillant et respectueux.<br data-start=\"692\" data-end=\"695\" \/>Tous les participants, b\u00e9n\u00e9voles, professeurs, musiciens et membres de l\u2019\u00e9quipe doivent pouvoir \u00e9voluer dans un espace non mena\u00e7ant.<\/p>\n<p data-start=\"829\" data-end=\"1205\">L\u2019organisation se r\u00e9serve le droit de prendre toute mesure jug\u00e9e n\u00e9cessaire en cas de comportement inappropri\u00e9, irrespectueux, dangereux ou harcelant.<br data-start=\"979\" data-end=\"982\" \/>Cela peut inclure \u2014 sans s\u2019y limiter \u2014 un avertissement, l&rsquo;exclusion de tout ou partie de l\u2019\u00e9v\u00e9nement, ou le refus d\u2019acc\u00e8s \u00e0 de futures \u00e9ditions.<br data-start=\"1127\" data-end=\"1130\" \/>Aucun remboursement ne sera accord\u00e9 en cas d\u2019exclusion pendant l\u2019\u00e9v\u00e9nement.<\/p>\n<p data-start=\"1207\" data-end=\"1279\">L\u2019organisation se r\u00e9serve \u00e9galement le droit de refuser une inscription.<\/p>\n<hr data-start=\"1281\" data-end=\"1284\" \/>\n<h3 data-start=\"1286\" data-end=\"1299\"><\/h3>\n<h3 data-start=\"1286\" data-end=\"1299\">2. Niveaux<\/h3>\n<p data-start=\"1300\" data-end=\"1467\">Cette ann\u00e9e, <strong data-start=\"1313\" data-end=\"1332\">aucune audition<\/strong> n\u2019a lieu.<br data-start=\"1342\" data-end=\"1345\" \/>Chaque participant choisit son niveau en fonction de ses capacit\u00e9s de danseur\u00b7se et de la description fournie sur le site.<\/p>\n<p data-start=\"1469\" data-end=\"1680\">L\u2019\u00e9quipe p\u00e9dagogique et les organisateurs se r\u00e9servent toutefois le droit de changer une personne de niveau si celui-ci ne correspond manifestement pas \u00e0 sa pratique. Cette d\u00e9cision ne pourra pas \u00eatre contest\u00e9e.<\/p>\n<hr data-start=\"1682\" data-end=\"1685\" \/>\n<h3 data-start=\"1687\" data-end=\"1705\"><\/h3>\n<h3 data-start=\"1687\" data-end=\"1705\">3. Inscriptions<\/h3>\n<p data-start=\"1706\" data-end=\"1847\">L\u2019inscription se fait via la plateforme <strong data-start=\"1746\" data-end=\"1764\">Viens On Swing<\/strong>, incluant le paiement (HelloAsso).<br data-start=\"1799\" data-end=\"1802\" \/>Le paiement est possible en une ou deux fois.<\/p>\n<p data-start=\"1849\" data-end=\"1928\">Apr\u00e8s avoir rempli le formulaire, chaque personne re\u00e7oit un mail confirmant :<\/p>\n<ul>\n<li data-start=\"1931\" data-end=\"1952\">soit son admission,<\/li>\n<li data-start=\"1955\" data-end=\"2042\">soit son placement en liste d\u2019attente (niveau complet ou d\u00e9s\u00e9quilibre leader\/follower).<\/li>\n<\/ul>\n<p data-start=\"2044\" data-end=\"2189\">Le paiement doit \u00eatre effectu\u00e9 dans les <strong data-start=\"2084\" data-end=\"2095\">7 jours<\/strong> suivant la confirmation.<br data-start=\"2120\" data-end=\"2123\" \/>Sans paiement dans ce d\u00e9lai, la place est automatiquement lib\u00e9r\u00e9e.<\/p>\n<hr data-start=\"2191\" data-end=\"2194\" \/>\n<h3 data-start=\"2196\" data-end=\"2217\"><\/h3>\n<h3 data-start=\"2196\" data-end=\"2217\">4. Liste d\u2019attente<\/h3>\n<p data-start=\"2218\" data-end=\"2432\">Lorsqu&rsquo;un niveau est complet ou d\u00e9s\u00e9quilibr\u00e9, les inscriptions concern\u00e9es sont automatiquement plac\u00e9es en attente.<br data-start=\"2332\" data-end=\"2335\" \/>Si une place se lib\u00e8re, les personnes sur liste d\u2019attente sont contact\u00e9es dans l\u2019ordre d\u2019arriv\u00e9e.<\/p>\n<hr data-start=\"2434\" data-end=\"2437\" \/>\n<h3 data-start=\"2439\" data-end=\"2473\"><\/h3>\n<h3 data-start=\"2439\" data-end=\"2473\">5. Annulations &amp; Remboursements<\/h3>\n<p data-start=\"2474\" data-end=\"2593\">Un remboursement est possible <strong data-start=\"2504\" data-end=\"2518\">uniquement<\/strong> sur pr\u00e9sentation d\u2019un certificat m\u00e9dical, selon les conditions suivantes :<\/p>\n<ul>\n<li data-start=\"2597\" data-end=\"2643\"><strong data-start=\"2597\" data-end=\"2635\">Plus de 2 mois avant l&rsquo;\u00e9v\u00e9nement :<\/strong> 100 %<\/li>\n<li data-start=\"2646\" data-end=\"2691\"><strong data-start=\"2646\" data-end=\"2684\">Plus de 1 mois avant l&rsquo;\u00e9v\u00e9nement :<\/strong> 50 %<\/li>\n<li data-start=\"2694\" data-end=\"2743\"><strong data-start=\"2694\" data-end=\"2736\">Plus de 2 semaines avant l&rsquo;\u00e9v\u00e9nement :<\/strong> 25 %<\/li>\n<li data-start=\"2746\" data-end=\"2791\"><strong data-start=\"2746\" data-end=\"2771\">Apr\u00e8s cette p\u00e9riode :<\/strong> aucun remboursement<\/li>\n<\/ul>\n<p data-start=\"2793\" data-end=\"2873\">En dehors de ces cas m\u00e9dicaux, l\u2019organisation ne proc\u00e8de pas \u00e0 de remboursement.<\/p>\n<hr data-start=\"2875\" data-end=\"2878\" \/>\n<h3 data-start=\"2880\" data-end=\"2901\"><\/h3>\n<h3 data-start=\"2880\" data-end=\"2901\">6. Cession de pass<\/h3>\n<p data-start=\"2902\" data-end=\"2991\">Les participants peuvent c\u00e9der leur pass <strong data-start=\"2943\" data-end=\"2958\">en totalit\u00e9<\/strong>, sous les conditions suivantes :<\/p>\n<ul>\n<li data-start=\"2995\" data-end=\"3093\">le pass doit \u00eatre transmis \u00e0 une personne <strong data-start=\"3037\" data-end=\"3067\">du m\u00eame r\u00f4le (lead\/follow)<\/strong> et <strong data-start=\"3071\" data-end=\"3089\">du m\u00eame niveau<\/strong> ;<\/li>\n<li data-start=\"3096\" data-end=\"3204\">il faut envoyer un mail aux organisateurs indiquant le nom et l\u2019email de la personne qui reprend le pass ;<\/li>\n<li data-start=\"3207\" data-end=\"3267\">les participants g\u00e8rent eux-m\u00eames la transaction financi\u00e8re.<\/li>\n<\/ul>\n<p data-start=\"3269\" data-end=\"3343\">La cession n\u2019est valid\u00e9e qu\u2019apr\u00e8s confirmation par l&rsquo;\u00e9quipe organisatrice.<\/p>\n<hr data-start=\"3345\" data-end=\"3348\" \/>\n<h3 data-start=\"3350\" data-end=\"3371\"><\/h3>\n<h3 data-start=\"3350\" data-end=\"3371\">7. Photos &amp; vid\u00e9os<\/h3>\n<p data-start=\"3372\" data-end=\"3579\">En participant au festival, vous acceptez d\u2019\u00eatre photographi\u00e9\u00b7e ou film\u00e9\u00b7e, et autorisez l\u2019Association Groov\u2019it \u00e0 utiliser ces images dans le cadre de la communication autour du festival et de ses activit\u00e9s.<\/p>\n<hr data-start=\"3581\" data-end=\"3584\" \/>\n<h3 data-start=\"3586\" data-end=\"3618\"><\/h3>\n<h3 data-start=\"3586\" data-end=\"3618\">8. Modifications du programme<\/h3>\n<p data-start=\"3619\" data-end=\"3669\">L\u2019organisation se r\u00e9serve le droit de modifier :<\/p>\n<ul>\n<li data-start=\"3672\" data-end=\"3687\">le programme,<\/li>\n<li data-start=\"3690\" data-end=\"3714\">le planning des cours,<\/li>\n<li data-start=\"3717\" data-end=\"3743\">les professeurs invit\u00e9s,<\/li>\n<li data-start=\"3717\" data-end=\"3743\">les lieux, horaires ou tout autre \u00e9l\u00e9ment logistique.<\/li>\n<\/ul>\n<p data-start=\"3801\" data-end=\"3854\">Toute modification sera communiqu\u00e9e d\u00e8s que possible.<\/p>\n<p>[\/vc_column_text][\/vc_column][\/vc_row][vc_row css_animation=\u00a0\u00bb\u00a0\u00bb row_type=\u00a0\u00bbrow\u00a0\u00bb use_row_as_full_screen_section=\u00a0\u00bbno\u00a0\u00bb type=\u00a0\u00bbfull_width\u00a0\u00bb angled_section=\u00a0\u00bbno\u00a0\u00bb text_align=\u00a0\u00bbleft\u00a0\u00bb background_image_as_pattern=\u00a0\u00bbwithout_pattern\u00a0\u00bb][vc_column][vc_empty_space height=\u00a0\u00bb70px\u00a0\u00bb][\/vc_column][\/vc_row][vc_row css_animation=\u00a0\u00bb\u00a0\u00bb row_type=\u00a0\u00bbrow\u00a0\u00bb use_row_as_full_screen_section=\u00a0\u00bbno\u00a0\u00bb type=\u00a0\u00bbfull_width\u00a0\u00bb angled_section=\u00a0\u00bbno\u00a0\u00bb text_align=\u00a0\u00bbleft\u00a0\u00bb background_image_as_pattern=\u00a0\u00bbwithout_pattern\u00a0\u00bb][vc_column][vc_column_text]<\/p>\n<p>[\/vc_column_text][\/vc_column][\/vc_row]<\/p>\n","protected":false},"excerpt":{"rendered":"<p>[vc_row css_animation=\u00a0\u00bb\u00a0\u00bb row_type=\u00a0\u00bbrow\u00a0\u00bb use_row_as_full_screen_section=\u00a0\u00bbno\u00a0\u00bb type=\u00a0\u00bbfull_width\u00a0\u00bb angled_section=\u00a0\u00bbno\u00a0\u00bb text_align=\u00a0\u00bbleft\u00a0\u00bb background_image_as_pattern=\u00a0\u00bbwithout_pattern\u00a0\u00bb][vc_column][vc_empty_space height=\u00a0\u00bb70px\u00a0\u00bb][\/vc_column][\/vc_row][vc_row css_animation=\u00a0\u00bb\u00a0\u00bb row_type=\u00a0\u00bbrow\u00a0\u00bb use_row_as_full_screen_section=\u00a0\u00bbno\u00a0\u00bb type=\u00a0\u00bbfull_width\u00a0\u00bb angled_section=\u00a0\u00bbno\u00a0\u00bb text_align=\u00a0\u00bbleft\u00a0\u00bb background_image_as_pattern=\u00a0\u00bbwithout_pattern\u00a0\u00bb][vc_column width=\u00a0\u00bb1\/2&Prime;][vc_column_text] Paris Midnight Blues Festival Organised by Association Groov\u2019it &nbsp; 1. Admission &amp; Code of Conduct The Paris Midnight Blues Festival aims to provide a safe, welcoming and respectful&#8230;<\/p>\n","protected":false},"author":1,"featured_media":0,"parent":0,"menu_order":0,"comment_status":"closed","ping_status":"closed","template":"","meta":{"footnotes":""},"class_list":["post-15058","page","type-page","status-publish","hentry"],"yoast_head":"<!-- This site is optimized with the Yoast SEO plugin v26.5 - https:\/\/yoast.com\/wordpress\/plugins\/seo\/ -->\n<title>Terms \/ Conditions &#060; Paris Midnight Blues<\/title>\n<meta name=\"robots\" content=\"index, follow, max-snippet:-1, max-image-preview:large, max-video-preview:-1\" \/>\n<link rel=\"canonical\" href=\"https:\/\/parismidnightblues.com\/index.php\/conditions\/\" \/>\n<meta property=\"og:locale\" content=\"fr_FR\" \/>\n<meta property=\"og:type\" content=\"article\" \/>\n<meta property=\"og:title\" content=\"Terms \/ Conditions &#060; Paris Midnight Blues\" \/>\n<meta property=\"og:description\" content=\"[vc_row css_animation=\u00a0\u00bb\u00a0\u00bb row_type=\u00a0\u00bbrow\u00a0\u00bb use_row_as_full_screen_section=\u00a0\u00bbno\u00a0\u00bb type=\u00a0\u00bbfull_width\u00a0\u00bb angled_section=\u00a0\u00bbno\u00a0\u00bb text_align=\u00a0\u00bbleft\u00a0\u00bb background_image_as_pattern=\u00a0\u00bbwithout_pattern\u00a0\u00bb][vc_column][vc_empty_space height=\u00a0\u00bb70px\u00a0\u00bb][\/vc_column][\/vc_row][vc_row css_animation=\u00a0\u00bb\u00a0\u00bb row_type=\u00a0\u00bbrow\u00a0\u00bb use_row_as_full_screen_section=\u00a0\u00bbno\u00a0\u00bb type=\u00a0\u00bbfull_width\u00a0\u00bb angled_section=\u00a0\u00bbno\u00a0\u00bb text_align=\u00a0\u00bbleft\u00a0\u00bb background_image_as_pattern=\u00a0\u00bbwithout_pattern\u00a0\u00bb][vc_column width=\u00a0\u00bb1\/2&Prime;][vc_column_text] Paris Midnight Blues Festival Organised by Association Groov\u2019it &nbsp; 1. Admission &amp; Code of Conduct The Paris Midnight Blues Festival aims to provide a safe, welcoming and respectful...\" \/>\n<meta property=\"og:url\" content=\"https:\/\/parismidnightblues.com\/index.php\/conditions\/\" \/>\n<meta property=\"og:site_name\" content=\"Paris Midnight Blues\" \/>\n<meta property=\"article:publisher\" content=\"https:\/\/www.facebook.com\/parismidnightblues\/\" \/>\n<meta property=\"article:modified_time\" content=\"2025-12-12T19:23:44+00:00\" \/>\n<meta name=\"twitter:card\" content=\"summary_large_image\" \/>\n<meta name=\"twitter:label1\" content=\"Dur\u00e9e de lecture estim\u00e9e\" \/>\n\t<meta name=\"twitter:data1\" content=\"6 minutes\" \/>\n<script type=\"application\/ld+json\" class=\"yoast-schema-graph\">{\"@context\":\"https:\/\/schema.org\",\"@graph\":[{\"@type\":\"WebPage\",\"@id\":\"https:\/\/parismidnightblues.com\/index.php\/conditions\/\",\"url\":\"https:\/\/parismidnightblues.com\/index.php\/conditions\/\",\"name\":\"Terms \/ Conditions &#060; Paris Midnight Blues\",\"isPartOf\":{\"@id\":\"https:\/\/parismidnightblues.com\/#website\"},\"datePublished\":\"2018-11-10T22:38:11+00:00\",\"dateModified\":\"2025-12-12T19:23:44+00:00\",\"breadcrumb\":{\"@id\":\"https:\/\/parismidnightblues.com\/index.php\/conditions\/#breadcrumb\"},\"inLanguage\":\"fr-FR\",\"potentialAction\":[{\"@type\":\"ReadAction\",\"target\":[\"https:\/\/parismidnightblues.com\/index.php\/conditions\/\"]}]},{\"@type\":\"BreadcrumbList\",\"@id\":\"https:\/\/parismidnightblues.com\/index.php\/conditions\/#breadcrumb\",\"itemListElement\":[{\"@type\":\"ListItem\",\"position\":1,\"name\":\"Accueil\",\"item\":\"https:\/\/parismidnightblues.com\/\"},{\"@type\":\"ListItem\",\"position\":2,\"name\":\"Terms \/ Conditions\"}]},{\"@type\":\"WebSite\",\"@id\":\"https:\/\/parismidnightblues.com\/#website\",\"url\":\"https:\/\/parismidnightblues.com\/\",\"name\":\"Paris Midnight Blues\",\"description\":\"International Blues Dance Festival\",\"potentialAction\":[{\"@type\":\"SearchAction\",\"target\":{\"@type\":\"EntryPoint\",\"urlTemplate\":\"https:\/\/parismidnightblues.com\/?s={search_term_string}\"},\"query-input\":{\"@type\":\"PropertyValueSpecification\",\"valueRequired\":true,\"valueName\":\"search_term_string\"}}],\"inLanguage\":\"fr-FR\"}]}<\/script>\n<!-- \/ Yoast SEO plugin. -->","yoast_head_json":{"title":"Terms \/ Conditions &#060; Paris Midnight Blues","robots":{"index":"index","follow":"follow","max-snippet":"max-snippet:-1","max-image-preview":"max-image-preview:large","max-video-preview":"max-video-preview:-1"},"canonical":"https:\/\/parismidnightblues.com\/index.php\/conditions\/","og_locale":"fr_FR","og_type":"article","og_title":"Terms \/ Conditions &#060; Paris Midnight Blues","og_description":"[vc_row css_animation=\u00a0\u00bb\u00a0\u00bb row_type=\u00a0\u00bbrow\u00a0\u00bb use_row_as_full_screen_section=\u00a0\u00bbno\u00a0\u00bb type=\u00a0\u00bbfull_width\u00a0\u00bb angled_section=\u00a0\u00bbno\u00a0\u00bb text_align=\u00a0\u00bbleft\u00a0\u00bb background_image_as_pattern=\u00a0\u00bbwithout_pattern\u00a0\u00bb][vc_column][vc_empty_space height=\u00a0\u00bb70px\u00a0\u00bb][\/vc_column][\/vc_row][vc_row css_animation=\u00a0\u00bb\u00a0\u00bb row_type=\u00a0\u00bbrow\u00a0\u00bb use_row_as_full_screen_section=\u00a0\u00bbno\u00a0\u00bb type=\u00a0\u00bbfull_width\u00a0\u00bb angled_section=\u00a0\u00bbno\u00a0\u00bb text_align=\u00a0\u00bbleft\u00a0\u00bb background_image_as_pattern=\u00a0\u00bbwithout_pattern\u00a0\u00bb][vc_column width=\u00a0\u00bb1\/2&Prime;][vc_column_text] Paris Midnight Blues Festival Organised by Association Groov\u2019it &nbsp; 1. Admission &amp; Code of Conduct The Paris Midnight Blues Festival aims to provide a safe, welcoming and respectful...","og_url":"https:\/\/parismidnightblues.com\/index.php\/conditions\/","og_site_name":"Paris Midnight Blues","article_publisher":"https:\/\/www.facebook.com\/parismidnightblues\/","article_modified_time":"2025-12-12T19:23:44+00:00","twitter_card":"summary_large_image","twitter_misc":{"Dur\u00e9e de lecture estim\u00e9e":"6 minutes"},"schema":{"@context":"https:\/\/schema.org","@graph":[{"@type":"WebPage","@id":"https:\/\/parismidnightblues.com\/index.php\/conditions\/","url":"https:\/\/parismidnightblues.com\/index.php\/conditions\/","name":"Terms \/ Conditions &#060; Paris Midnight Blues","isPartOf":{"@id":"https:\/\/parismidnightblues.com\/#website"},"datePublished":"2018-11-10T22:38:11+00:00","dateModified":"2025-12-12T19:23:44+00:00","breadcrumb":{"@id":"https:\/\/parismidnightblues.com\/index.php\/conditions\/#breadcrumb"},"inLanguage":"fr-FR","potentialAction":[{"@type":"ReadAction","target":["https:\/\/parismidnightblues.com\/index.php\/conditions\/"]}]},{"@type":"BreadcrumbList","@id":"https:\/\/parismidnightblues.com\/index.php\/conditions\/#breadcrumb","itemListElement":[{"@type":"ListItem","position":1,"name":"Accueil","item":"https:\/\/parismidnightblues.com\/"},{"@type":"ListItem","position":2,"name":"Terms \/ Conditions"}]},{"@type":"WebSite","@id":"https:\/\/parismidnightblues.com\/#website","url":"https:\/\/parismidnightblues.com\/","name":"Paris Midnight Blues","description":"International Blues Dance Festival","potentialAction":[{"@type":"SearchAction","target":{"@type":"EntryPoint","urlTemplate":"https:\/\/parismidnightblues.com\/?s={search_term_string}"},"query-input":{"@type":"PropertyValueSpecification","valueRequired":true,"valueName":"search_term_string"}}],"inLanguage":"fr-FR"}]}},"_links":{"self":[{"href":"https:\/\/parismidnightblues.com\/index.php\/wp-json\/wp\/v2\/pages\/15058","targetHints":{"allow":["GET"]}}],"collection":[{"href":"https:\/\/parismidnightblues.com\/index.php\/wp-json\/wp\/v2\/pages"}],"about":[{"href":"https:\/\/parismidnightblues.com\/index.php\/wp-json\/wp\/v2\/types\/page"}],"author":[{"embeddable":true,"href":"https:\/\/parismidnightblues.com\/index.php\/wp-json\/wp\/v2\/users\/1"}],"replies":[{"embeddable":true,"href":"https:\/\/parismidnightblues.com\/index.php\/wp-json\/wp\/v2\/comments?post=15058"}],"version-history":[{"count":29,"href":"https:\/\/parismidnightblues.com\/index.php\/wp-json\/wp\/v2\/pages\/15058\/revisions"}],"predecessor-version":[{"id":15992,"href":"https:\/\/parismidnightblues.com\/index.php\/wp-json\/wp\/v2\/pages\/15058\/revisions\/15992"}],"wp:attachment":[{"href":"https:\/\/parismidnightblues.com\/index.php\/wp-json\/wp\/v2\/media?parent=15058"}],"curies":[{"name":"wp","href":"https:\/\/api.w.org\/{rel}","templated":true}]}}