{"id":14468,"date":"2014-03-28T10:11:36","date_gmt":"2014-03-28T09:11:36","guid":{"rendered":"http:\/\/demo.qodeinteractive.com\/bridge\/?page_id=14468"},"modified":"2025-12-12T00:35:33","modified_gmt":"2025-12-11T23:35:33","slug":"home","status":"publish","type":"page","link":"https:\/\/parismidnightblues.com\/","title":{"rendered":"Festival danse blues"},"content":{"rendered":"\t\t<div data-elementor-type=\"wp-page\" data-elementor-id=\"14468\" class=\"elementor elementor-14468\">\n\t\t\t\t<div class=\"elementor-element elementor-element-b715eb4 e-flex e-con-boxed e-con e-parent\" data-id=\"b715eb4\" data-element_type=\"container\" data-settings=\"{&quot;background_background&quot;:&quot;classic&quot;}\">\n\t\t\t\t\t<div class=\"e-con-inner\">\n\t\t\t\t<div class=\"elementor-element elementor-element-bdcc366 elementor-widget elementor-widget-spacer\" data-id=\"bdcc366\" data-element_type=\"widget\" data-widget_type=\"spacer.default\">\n\t\t\t\t\t\t\t<div class=\"elementor-spacer\">\n\t\t\t<div class=\"elementor-spacer-inner\"><\/div>\n\t\t<\/div>\n\t\t\t\t\t\t<\/div>\n\t\t\t\t<div class=\"elementor-element elementor-element-0d65d08 elementor-widget elementor-widget-text-editor\" data-id=\"0d65d08\" data-element_type=\"widget\" data-widget_type=\"text-editor.default\">\n\t\t\t\t\t\t\t\t\t<p style=\"text-align: center;\"><strong>Welcome to Paris Midnight Blues!<\/strong><\/p><p style=\"text-align: center;\"><br \/>An international festival where dancers from many countries \u2014 and many ways of dancing \u2014<br \/>meet, share, and inspire each other.<br \/>Between the variety of Blues music brought by our musicians and the different dance styles shared by our teachers, the whole weekend feels rich, alive, and full of discovery.<\/p>\t\t\t\t\t\t\t\t<\/div>\n\t\t\t\t<div class=\"elementor-element elementor-element-64ca29c elementor-widget elementor-widget-spacer\" data-id=\"64ca29c\" data-element_type=\"widget\" data-widget_type=\"spacer.default\">\n\t\t\t\t\t\t\t<div class=\"elementor-spacer\">\n\t\t\t<div class=\"elementor-spacer-inner\"><\/div>\n\t\t<\/div>\n\t\t\t\t\t\t<\/div>\n\t\t\t\t<div class=\"elementor-element elementor-element-c547304 elementor-widget-divider--view-line elementor-widget elementor-widget-divider\" data-id=\"c547304\" data-element_type=\"widget\" data-widget_type=\"divider.default\">\n\t\t\t\t\t\t\t<div class=\"elementor-divider\">\n\t\t\t<span class=\"elementor-divider-separator\">\n\t\t\t\t\t\t<\/span>\n\t\t<\/div>\n\t\t\t\t\t\t<\/div>\n\t\t\t\t\t<\/div>\n\t\t\t\t<\/div>\n\t\t<div class=\"elementor-element elementor-element-1686cfe e-flex e-con-boxed e-con e-parent\" data-id=\"1686cfe\" data-element_type=\"container\" data-settings=\"{&quot;background_background&quot;:&quot;classic&quot;}\">\n\t\t\t\t\t<div class=\"e-con-inner\">\n\t\t\t\t<div class=\"elementor-element elementor-element-4bd5ae6 elementor-widget elementor-widget-text-editor\" data-id=\"4bd5ae6\" data-element_type=\"widget\" data-widget_type=\"text-editor.default\">\n\t\t\t\t\t\t\t\t\t<h5><span style=\"color: #800000;\">teachers LINE UP<\/span><\/h5><h2>Adamo Ciarallo<br \/>Penny &amp; Lucas<br \/>Renske &amp; Edmilson<br \/>Melanie &amp; Albert<\/h2>\t\t\t\t\t\t\t\t<\/div>\n\t\t\t\t<div class=\"elementor-element elementor-element-f286bcd elementor-widget-divider--view-line elementor-widget elementor-widget-divider\" data-id=\"f286bcd\" data-element_type=\"widget\" data-widget_type=\"divider.default\">\n\t\t\t\t\t\t\t<div class=\"elementor-divider\">\n\t\t\t<span class=\"elementor-divider-separator\">\n\t\t\t\t\t\t<\/span>\n\t\t<\/div>\n\t\t\t\t\t\t<\/div>\n\t\t\t\t<div class=\"elementor-element elementor-element-576229f elementor-widget elementor-widget-heading\" data-id=\"576229f\" data-element_type=\"widget\" data-widget_type=\"heading.default\">\n\t\t\t\t\t<h2 class=\"elementor-heading-title elementor-size-default\">Ajoutez votre titre ici<\/h2>\t\t\t\t<\/div>\n\t\t\t\t\t<\/div>\n\t\t\t\t<\/div>\n\t\t\t\t<\/div>\n\t\t","protected":false},"excerpt":{"rendered":"<p>Welcome to Paris Midnight Blues! An international festival where dancers from many countries \u2014 and many ways of dancing \u2014meet, share, and inspire each other.Between the variety of Blues music brought by our musicians and the different dance styles shared by our teachers, the whole&#8230;<\/p>\n","protected":false},"author":1,"featured_media":0,"parent":0,"menu_order":0,"comment_status":"closed","ping_status":"closed","template":"full_width.php","meta":{"footnotes":""},"class_list":["post-14468","page","type-page","status-publish","hentry"],"yoast_head":"<!-- This site is optimized with the Yoast SEO plugin v26.5 - https:\/\/yoast.com\/wordpress\/plugins\/seo\/ -->\n<title>Festival danse blues &#060; Paris Midnight Blues &#060; Venez danser avec nous<\/title>\n<meta name=\"description\" content=\"Paris Midnight Blues Festival : festival de danse blues au coeur de Paris, avec des cours de d\u00e9butant \u00e0 avanc\u00e9 donn\u00e9s par des professeurs internationaux.\" \/>\n<meta name=\"robots\" content=\"index, follow, max-snippet:-1, max-image-preview:large, max-video-preview:-1\" \/>\n<link rel=\"canonical\" href=\"https:\/\/parismidnightblues.com\/\" \/>\n<meta property=\"og:locale\" content=\"fr_FR\" \/>\n<meta property=\"og:type\" content=\"article\" \/>\n<meta property=\"og:title\" content=\"Festival danse blues &#060; Paris Midnight Blues &#060; Venez danser avec nous\" \/>\n<meta property=\"og:description\" content=\"Paris Midnight Blues Festival : festival de danse blues au coeur de Paris, avec des cours de d\u00e9butant \u00e0 avanc\u00e9 donn\u00e9s par des professeurs internationaux.\" \/>\n<meta property=\"og:url\" content=\"https:\/\/parismidnightblues.com\/\" \/>\n<meta property=\"og:site_name\" content=\"Paris Midnight Blues\" \/>\n<meta property=\"article:publisher\" content=\"https:\/\/www.facebook.com\/parismidnightblues\/\" \/>\n<meta property=\"article:modified_time\" content=\"2025-12-11T23:35:33+00:00\" \/>\n<meta name=\"twitter:card\" content=\"summary_large_image\" \/>\n<meta name=\"twitter:label1\" content=\"Dur\u00e9e de lecture estim\u00e9e\" \/>\n\t<meta name=\"twitter:data1\" content=\"1 minute\" \/>\n<script type=\"application\/ld+json\" class=\"yoast-schema-graph\">{\"@context\":\"https:\/\/schema.org\",\"@graph\":[{\"@type\":\"WebPage\",\"@id\":\"https:\/\/parismidnightblues.com\/\",\"url\":\"https:\/\/parismidnightblues.com\/\",\"name\":\"Festival danse blues &#060; Paris Midnight Blues &#060; Venez danser avec nous\",\"isPartOf\":{\"@id\":\"https:\/\/parismidnightblues.com\/#website\"},\"datePublished\":\"2014-03-28T09:11:36+00:00\",\"dateModified\":\"2025-12-11T23:35:33+00:00\",\"description\":\"Paris Midnight Blues Festival : festival de danse blues au coeur de Paris, avec des cours de d\u00e9butant \u00e0 avanc\u00e9 donn\u00e9s par des professeurs internationaux.\",\"breadcrumb\":{\"@id\":\"https:\/\/parismidnightblues.com\/#breadcrumb\"},\"inLanguage\":\"fr-FR\",\"potentialAction\":[{\"@type\":\"ReadAction\",\"target\":[\"https:\/\/parismidnightblues.com\/\"]}]},{\"@type\":\"BreadcrumbList\",\"@id\":\"https:\/\/parismidnightblues.com\/#breadcrumb\",\"itemListElement\":[{\"@type\":\"ListItem\",\"position\":1,\"name\":\"Accueil\",\"item\":\"https:\/\/parismidnightblues.com\/\"},{\"@type\":\"ListItem\",\"position\":2,\"name\":\"Festival danse blues\"}]},{\"@type\":\"WebSite\",\"@id\":\"https:\/\/parismidnightblues.com\/#website\",\"url\":\"https:\/\/parismidnightblues.com\/\",\"name\":\"Paris Midnight Blues\",\"description\":\"International Blues Dance Festival\",\"potentialAction\":[{\"@type\":\"SearchAction\",\"target\":{\"@type\":\"EntryPoint\",\"urlTemplate\":\"https:\/\/parismidnightblues.com\/?s={search_term_string}\"},\"query-input\":{\"@type\":\"PropertyValueSpecification\",\"valueRequired\":true,\"valueName\":\"search_term_string\"}}],\"inLanguage\":\"fr-FR\"}]}<\/script>\n<!-- \/ Yoast SEO plugin. -->","yoast_head_json":{"title":"Festival danse blues &#060; Paris Midnight Blues &#060; Venez danser avec nous","description":"Paris Midnight Blues Festival : festival de danse blues au coeur de Paris, avec des cours de d\u00e9butant \u00e0 avanc\u00e9 donn\u00e9s par des professeurs internationaux.","robots":{"index":"index","follow":"follow","max-snippet":"max-snippet:-1","max-image-preview":"max-image-preview:large","max-video-preview":"max-video-preview:-1"},"canonical":"https:\/\/parismidnightblues.com\/","og_locale":"fr_FR","og_type":"article","og_title":"Festival danse blues &#060; Paris Midnight Blues &#060; Venez danser avec nous","og_description":"Paris Midnight Blues Festival : festival de danse blues au coeur de Paris, avec des cours de d\u00e9butant \u00e0 avanc\u00e9 donn\u00e9s par des professeurs internationaux.","og_url":"https:\/\/parismidnightblues.com\/","og_site_name":"Paris Midnight Blues","article_publisher":"https:\/\/www.facebook.com\/parismidnightblues\/","article_modified_time":"2025-12-11T23:35:33+00:00","twitter_card":"summary_large_image","twitter_misc":{"Dur\u00e9e de lecture estim\u00e9e":"1 minute"},"schema":{"@context":"https:\/\/schema.org","@graph":[{"@type":"WebPage","@id":"https:\/\/parismidnightblues.com\/","url":"https:\/\/parismidnightblues.com\/","name":"Festival danse blues &#060; Paris Midnight Blues &#060; Venez danser avec nous","isPartOf":{"@id":"https:\/\/parismidnightblues.com\/#website"},"datePublished":"2014-03-28T09:11:36+00:00","dateModified":"2025-12-11T23:35:33+00:00","description":"Paris Midnight Blues Festival : festival de danse blues au coeur de Paris, avec des cours de d\u00e9butant \u00e0 avanc\u00e9 donn\u00e9s par des professeurs internationaux.","breadcrumb":{"@id":"https:\/\/parismidnightblues.com\/#breadcrumb"},"inLanguage":"fr-FR","potentialAction":[{"@type":"ReadAction","target":["https:\/\/parismidnightblues.com\/"]}]},{"@type":"BreadcrumbList","@id":"https:\/\/parismidnightblues.com\/#breadcrumb","itemListElement":[{"@type":"ListItem","position":1,"name":"Accueil","item":"https:\/\/parismidnightblues.com\/"},{"@type":"ListItem","position":2,"name":"Festival danse blues"}]},{"@type":"WebSite","@id":"https:\/\/parismidnightblues.com\/#website","url":"https:\/\/parismidnightblues.com\/","name":"Paris Midnight Blues","description":"International Blues Dance Festival","potentialAction":[{"@type":"SearchAction","target":{"@type":"EntryPoint","urlTemplate":"https:\/\/parismidnightblues.com\/?s={search_term_string}"},"query-input":{"@type":"PropertyValueSpecification","valueRequired":true,"valueName":"search_term_string"}}],"inLanguage":"fr-FR"}]}},"_links":{"self":[{"href":"https:\/\/parismidnightblues.com\/index.php\/wp-json\/wp\/v2\/pages\/14468","targetHints":{"allow":["GET"]}}],"collection":[{"href":"https:\/\/parismidnightblues.com\/index.php\/wp-json\/wp\/v2\/pages"}],"about":[{"href":"https:\/\/parismidnightblues.com\/index.php\/wp-json\/wp\/v2\/types\/page"}],"author":[{"embeddable":true,"href":"https:\/\/parismidnightblues.com\/index.php\/wp-json\/wp\/v2\/users\/1"}],"replies":[{"embeddable":true,"href":"https:\/\/parismidnightblues.com\/index.php\/wp-json\/wp\/v2\/comments?post=14468"}],"version-history":[{"count":17,"href":"https:\/\/parismidnightblues.com\/index.php\/wp-json\/wp\/v2\/pages\/14468\/revisions"}],"predecessor-version":[{"id":15922,"href":"https:\/\/parismidnightblues.com\/index.php\/wp-json\/wp\/v2\/pages\/14468\/revisions\/15922"}],"wp:attachment":[{"href":"https:\/\/parismidnightblues.com\/index.php\/wp-json\/wp\/v2\/media?parent=14468"}],"curies":[{"name":"wp","href":"https:\/\/api.w.org\/{rel}","templated":true}]}}